{"id":90,"date":"2023-07-13T13:39:29","date_gmt":"2023-07-13T16:39:29","guid":{"rendered":"https:\/\/escolameda.com.br\/?page_id=90"},"modified":"2023-07-26T09:59:17","modified_gmt":"2023-07-26T12:59:17","slug":"quem-e-marco-meda","status":"publish","type":"page","link":"https:\/\/escolameda.com.br\/?page_id=90","title":{"rendered":"Quem \u00e9 Marco Meda"},"content":{"rendered":"\t\t<div data-elementor-type=\"wp-page\" data-elementor-id=\"90\" class=\"elementor elementor-90\" data-elementor-post-type=\"page\">\n\t\t\t\t\t\t\t\t\t<section class=\"elementor-section elementor-top-section elementor-element elementor-element-a33e94b elementor-section-full_width elementor-section-height-min-height elementor-section-height-default elementor-section-items-middle\" data-id=\"a33e94b\" data-element_type=\"section\" data-settings=\"{&quot;background_background&quot;:&quot;classic&quot;}\">\n\t\t\t\t\t\t<div class=\"elementor-container elementor-column-gap-default\">\n\t\t\t\t\t<div class=\"elementor-column elementor-col-100 elementor-top-column elementor-element elementor-element-ffbfc88\" data-id=\"ffbfc88\" data-element_type=\"column\">\n\t\t\t<div class=\"elementor-widget-wrap elementor-element-populated\">\n\t\t\t\t\t\t\t\t<section class=\"elementor-section elementor-inner-section elementor-element elementor-element-2b1c4cc elementor-section-boxed elementor-section-height-default elementor-section-height-default\" data-id=\"2b1c4cc\" data-element_type=\"section\">\n\t\t\t\t\t\t<div class=\"elementor-container elementor-column-gap-default\">\n\t\t\t\t\t<div class=\"elementor-column elementor-col-100 elementor-inner-column elementor-element elementor-element-7ca9582\" data-id=\"7ca9582\" data-element_type=\"column\">\n\t\t\t<div class=\"elementor-widget-wrap elementor-element-populated\">\n\t\t\t\t\t\t\t\t<div class=\"elementor-element elementor-element-6837541 elementor-widget elementor-widget-heading\" data-id=\"6837541\" data-element_type=\"widget\" data-widget_type=\"heading.default\">\n\t\t\t\t<div class=\"elementor-widget-container\">\n\t\t\t<style>\/*! elementor - v3.14.0 - 26-06-2023 *\/\n.elementor-heading-title{padding:0;margin:0;line-height:1}.elementor-widget-heading .elementor-heading-title[class*=elementor-size-]>a{color:inherit;font-size:inherit;line-height:inherit}.elementor-widget-heading .elementor-heading-title.elementor-size-small{font-size:15px}.elementor-widget-heading .elementor-heading-title.elementor-size-medium{font-size:19px}.elementor-widget-heading .elementor-heading-title.elementor-size-large{font-size:29px}.elementor-widget-heading .elementor-heading-title.elementor-size-xl{font-size:39px}.elementor-widget-heading .elementor-heading-title.elementor-size-xxl{font-size:59px}<\/style><h2 class=\"elementor-heading-title elementor-size-default\">Quem \u00e9 Marco Meda<\/h2>\t\t<\/div>\n\t\t\t\t<\/div>\n\t\t\t\t\t<\/div>\n\t\t<\/div>\n\t\t\t\t\t\t\t<\/div>\n\t\t<\/section>\n\t\t\t\t\t<\/div>\n\t\t<\/div>\n\t\t\t\t\t\t\t<\/div>\n\t\t<\/section>\n\t\t\t\t<section class=\"elementor-section elementor-top-section elementor-element elementor-element-7a844d8 elementor-section-full_width elementor-section-height-default elementor-section-height-default\" data-id=\"7a844d8\" data-element_type=\"section\">\n\t\t\t\t\t\t<div class=\"elementor-container elementor-column-gap-default\">\n\t\t\t\t\t<div class=\"elementor-column elementor-col-100 elementor-top-column elementor-element elementor-element-251c884\" data-id=\"251c884\" data-element_type=\"column\">\n\t\t\t<div class=\"elementor-widget-wrap elementor-element-populated\">\n\t\t\t\t\t\t\t\t<section class=\"elementor-section elementor-inner-section elementor-element elementor-element-44cd665 elementor-section-boxed elementor-section-height-default elementor-section-height-default\" data-id=\"44cd665\" data-element_type=\"section\">\n\t\t\t\t\t\t<div class=\"elementor-container elementor-column-gap-default\">\n\t\t\t\t\t<div class=\"elementor-column elementor-col-50 elementor-inner-column elementor-element elementor-element-19257c5\" data-id=\"19257c5\" data-element_type=\"column\">\n\t\t\t<div class=\"elementor-widget-wrap elementor-element-populated\">\n\t\t\t\t\t\t\t\t<div class=\"elementor-element elementor-element-1f520c7 elementor-widget elementor-widget-image\" data-id=\"1f520c7\" data-element_type=\"widget\" data-widget_type=\"image.default\">\n\t\t\t\t<div class=\"elementor-widget-container\">\n\t\t\t<style>\/*! elementor - v3.14.0 - 26-06-2023 *\/\n.elementor-widget-image{text-align:center}.elementor-widget-image a{display:inline-block}.elementor-widget-image a img[src$=\".svg\"]{width:48px}.elementor-widget-image img{vertical-align:middle;display:inline-block}<\/style>\t\t\t\t\t\t\t\t\t\t\t\t<img loading=\"lazy\" decoding=\"async\" width=\"608\" height=\"711\" src=\"https:\/\/escolameda.com.br\/wp-content\/uploads\/2023\/07\/Marco-meda-Foto.png\" class=\"attachment-large size-large wp-image-58\" alt=\"\" srcset=\"https:\/\/escolameda.com.br\/wp-content\/uploads\/2023\/07\/Marco-meda-Foto.png 608w, https:\/\/escolameda.com.br\/wp-content\/uploads\/2023\/07\/Marco-meda-Foto-257x300.png 257w\" sizes=\"auto, (max-width: 608px) 100vw, 608px\" \/>\t\t\t\t\t\t\t\t\t\t\t\t\t\t\t<\/div>\n\t\t\t\t<\/div>\n\t\t\t\t\t<\/div>\n\t\t<\/div>\n\t\t\t\t<div class=\"elementor-column elementor-col-50 elementor-inner-column elementor-element elementor-element-94be62c\" data-id=\"94be62c\" data-element_type=\"column\">\n\t\t\t<div class=\"elementor-widget-wrap elementor-element-populated\">\n\t\t\t\t\t\t\t\t<div class=\"elementor-element elementor-element-5e0d361 elementor-position-left elementor-view-default elementor-mobile-position-top elementor-vertical-align-top elementor-widget elementor-widget-icon-box\" data-id=\"5e0d361\" data-element_type=\"widget\" data-widget_type=\"icon-box.default\">\n\t\t\t\t<div class=\"elementor-widget-container\">\n\t\t\t<link rel=\"stylesheet\" href=\"https:\/\/escolameda.com.br\/wp-content\/plugins\/elementor\/assets\/css\/widget-icon-box.min.css\">\t\t<div class=\"elementor-icon-box-wrapper\">\n\t\t\t\t\t\t<div class=\"elementor-icon-box-icon\">\n\t\t\t\t<span class=\"elementor-icon elementor-animation-\" >\n\t\t\t\t<i aria-hidden=\"true\" class=\"fas fa-quote-left\"><\/i>\t\t\t\t<\/span>\n\t\t\t<\/div>\n\t\t\t\t\t\t<div class=\"elementor-icon-box-content\">\n\t\t\t\t<h3 class=\"elementor-icon-box-title\">\n\t\t\t\t\t<span  >\n\t\t\t\t\t\tQuem \u00e9 Marco Meda?\t\t\t\t\t<\/span>\n\t\t\t\t<\/h3>\n\t\t\t\t\t\t\t\t\t<p class=\"elementor-icon-box-description\">\n\t\t\t\t\t\t\u00c9 escritor e trainer em PNL e Coaching Transpessoal. \u00c9 considerado atualmente um dos maiores especialistas em ENEAGRAMA do pa\u00eds. Marco Meda \u00e9 Mestre Reiki na linhagem tradicional japonesa do Mestre Mikao Usui pelo m\u00e9todo Gendai Reiki Ho. Psicoterapeuta Transpessoal reconhecido e habilitado pela ABRATH - Associa\u00e7\u00e3o Brasileira de Terapeutas Hol\u00edsticos. Atualmente estuda Psican\u00e1lise. Com forma\u00e7\u00f5es na USP e FGV desenvolveu mais de 80 programas de treinamentos no Brasil com base na transforma\u00e7\u00e3o pessoal e profissional. Valendo-se de suas especializa\u00e7\u00f5es em Neuroci\u00eancia e Psicologia Positiva como ferramentas fundamentais, Meda realiza palestras e ministra treinamentos nas \u00e1reas de lideran\u00e7a, orat\u00f3ria, atendimento ao cliente, vendas, negocia\u00e7\u00e3o e etiqueta. J\u00e1 treinou mais de 100 mil pessoas nos \u00faltimos 25 anos. \u00c9 conhecido hoje no mercado pela sua caracter\u00edstica despojada, simples, intensa, cativante e emocionante. A MEDA - Minha Escola de Autoconhecimento, sua empresa com sua esposa Josi Meda, tem como miss\u00e3o Despertar, Curar e Transformar pessoas atrav\u00e9s de cursos e treinamentos de autoconhecimento.\n\t\t\t\t\t<\/p>\n\t\t\t\t\t\t\t<\/div>\n\t\t<\/div>\n\t\t\t\t<\/div>\n\t\t\t\t<\/div>\n\t\t\t\t\t<\/div>\n\t\t<\/div>\n\t\t\t\t\t\t\t<\/div>\n\t\t<\/section>\n\t\t\t\t\t<\/div>\n\t\t<\/div>\n\t\t\t\t\t\t\t<\/div>\n\t\t<\/section>\n\t\t\t\t\t\t\t<\/div>\n\t\t","protected":false},"excerpt":{"rendered":"<p>Quem \u00e9 Marco Meda Quem \u00e9 Marco Meda? \u00c9 escritor e trainer em PNL e Coaching Transpessoal. \u00c9 considerado atualmente um dos maiores especialistas em ENEAGRAMA do pa\u00eds. Marco Meda \u00e9 Mestre Reiki na linhagem tradicional japonesa do Mestre Mikao Usui pelo m\u00e9todo Gendai Reiki Ho. Psicoterapeuta Transpessoal reconhecido e habilitado pela ABRATH &#8211; Associa\u00e7\u00e3o &#8230; <a title=\"Quem \u00e9 Marco Meda\" class=\"read-more\" href=\"https:\/\/escolameda.com.br\/?page_id=90\" aria-label=\"More on Quem \u00e9 Marco Meda\">Ler mais<\/a><\/p>\n","protected":false},"author":1,"featured_media":0,"parent":0,"menu_order":0,"comment_status":"closed","ping_status":"closed","template":"elementor_header_footer","meta":{"footnotes":""},"class_list":["post-90","page","type-page","status-publish"],"_links":{"self":[{"href":"https:\/\/escolameda.com.br\/index.php?rest_route=\/wp\/v2\/pages\/90","targetHints":{"allow":["GET"]}}],"collection":[{"href":"https:\/\/escolameda.com.br\/index.php?rest_route=\/wp\/v2\/pages"}],"about":[{"href":"https:\/\/escolameda.com.br\/index.php?rest_route=\/wp\/v2\/types\/page"}],"author":[{"embeddable":true,"href":"https:\/\/escolameda.com.br\/index.php?rest_route=\/wp\/v2\/users\/1"}],"replies":[{"embeddable":true,"href":"https:\/\/escolameda.com.br\/index.php?rest_route=%2Fwp%2Fv2%2Fcomments&post=90"}],"version-history":[{"count":14,"href":"https:\/\/escolameda.com.br\/index.php?rest_route=\/wp\/v2\/pages\/90\/revisions"}],"predecessor-version":[{"id":239,"href":"https:\/\/escolameda.com.br\/index.php?rest_route=\/wp\/v2\/pages\/90\/revisions\/239"}],"wp:attachment":[{"href":"https:\/\/escolameda.com.br\/index.php?rest_route=%2Fwp%2Fv2%2Fmedia&parent=90"}],"curies":[{"name":"wp","href":"https:\/\/api.w.org\/{rel}","templated":true}]}}